{"id":203,"date":"2024-01-04T11:41:44","date_gmt":"2024-01-04T11:41:44","guid":{"rendered":"https:\/\/neuronthemes.com\/tenton\/?page_id=203"},"modified":"2026-01-06T14:21:29","modified_gmt":"2026-01-06T14:21:29","slug":"about-us","status":"publish","type":"page","link":"https:\/\/conlink.biz\/sq\/about-us\/","title":{"rendered":"Rreth nesh"},"content":{"rendered":"<div data-elementor-type=\"wp-page\" data-elementor-id=\"203\" class=\"elementor elementor-203\">\n\t\t\t\t<div class=\"elementor-element elementor-element-a731573 e-con-full animated-fast e-flex elementor-invisible e-con e-parent\" data-id=\"a731573\" data-element_type=\"container\" data-e-type=\"container\" data-settings=\"{&quot;background_background&quot;:&quot;classic&quot;,&quot;animation&quot;:&quot;h-neuron-animation--slideUp&quot;}\">\n\t\t\t\t<\/div>\n\t\t<div class=\"elementor-element elementor-element-79beead animated-fast e-flex e-con-boxed elementor-invisible e-con e-parent\" data-id=\"79beead\" data-element_type=\"container\" data-e-type=\"container\" data-settings=\"{&quot;animation&quot;:&quot;h-neuron-animation--slideUp&quot;}\">\n\t\t\t\t\t<div class=\"e-con-inner\">\n\t\t<div class=\"elementor-element elementor-element-19f6402 e-con-full e-flex e-con e-child\" data-id=\"19f6402\" data-element_type=\"container\" data-e-type=\"container\">\n\t\t\t\t<div class=\"elementor-element elementor-element-f9a914f elementor-widget elementor-widget-heading\" data-id=\"f9a914f\" data-element_type=\"widget\" data-e-type=\"widget\" data-widget_type=\"heading.default\">\n\t\t\t\t\t<h4 class=\"elementor-heading-title elementor-size-default\">Ofrimi i zgjidhjeve inteligjente t\u00eb outsource.<\/h4>\t\t\t\t<\/div>\n\t\t\t\t<div class=\"elementor-element elementor-element-045db31 elementor-widget elementor-widget-accordion\" data-id=\"045db31\" data-element_type=\"widget\" data-e-type=\"widget\" data-widget_type=\"accordion.default\">\n\t\t\t\t\t\t\t<div class=\"elementor-accordion\">\n\t\t\t\t\t\t\t<div class=\"elementor-accordion-item\">\n\t\t\t\t\t<div id=\"elementor-tab-title-4571\" class=\"elementor-tab-title\" data-tab=\"1\" role=\"button\" aria-controls=\"elementor-tab-content-4571\" aria-expanded=\"false\">\n\t\t\t\t\t\t\t\t\t\t\t\t\t<span class=\"elementor-accordion-icon elementor-accordion-icon-right\" aria-hidden=\"true\">\n\t\t\t\t\t\t\t\t\t\t\t\t\t\t\t<span class=\"elementor-accordion-icon-closed\"><svg xmlns=\"http:\/\/www.w3.org\/2000\/svg\" width=\"25\" height=\"25\" viewbox=\"0 0 25 25\" fill=\"none\"><g clip-path=\"url(#clip0_38_2527)\"><path fill-rule=\"evenodd\" clip-rule=\"evenodd\" d=\"M18.1001 13.4305H13.1001V18.4305C13.1001 18.9805 12.6501 19.4305 12.1001 19.4305C11.5501 19.4305 11.1001 18.9805 11.1001 18.4305V13.4305H6.1001C5.5501 13.4305 5.1001 12.9805 5.1001 12.4305C5.1001 11.8805 5.5501 11.4305 6.1001 11.4305H11.1001V6.43054C11.1001 5.88054 11.5501 5.43054 12.1001 5.43054C12.6501 5.43054 13.1001 5.88054 13.1001 6.43054V11.4305H18.1001C18.6501 11.4305 19.1001 11.8805 19.1001 12.4305C19.1001 12.9805 18.6501 13.4305 18.1001 13.4305Z\" fill=\"white\"><\/path><\/g><defs><clippath id=\"clip0_38_2527\"><rect width=\"24\" height=\"24\" fill=\"white\" transform=\"translate(0.100098 0.430542)\"><\/rect><\/clippath><\/defs><\/svg><\/span>\n\t\t\t\t\t\t\t\t<span class=\"elementor-accordion-icon-opened\"><svg xmlns=\"http:\/\/www.w3.org\/2000\/svg\" width=\"25\" height=\"25\" viewbox=\"0 0 25 25\" fill=\"none\"><g clip-path=\"url(#clip0_38_2527)\"><path fill-rule=\"evenodd\" clip-rule=\"evenodd\" d=\"M18.1001 13.4305H6.1001C5.5501 13.4305 5.1001 12.9805 5.1001 12.4305C5.1001 11.8805 5.5501 11.4305 6.1001 11.4305H18.1001C18.6501 11.4305 19.1001 11.8805 19.1001 12.4305C19.1001 12.9805 18.6501 13.4305 18.1001 13.4305Z\" fill=\"white\"><\/path><\/g><defs><clippath id=\"clip0_38_2527\"><rect width=\"24\" height=\"24\" fill=\"white\" transform=\"translate(0.100098 0.430542)\"><\/rect><\/clippath><\/defs><\/svg><\/span>\n\t\t\t\t\t\t\t\t\t\t\t\t\t\t<\/span>\n\t\t\t\t\t\t\t\t\t\t\t\t<a class=\"elementor-accordion-title\" tabindex=\"0\">\u00c7far\u00eb sh\u00ebrbimesh ofron Conlink Outsourcing?<\/a>\n\t\t\t\t\t<\/div>\n\t\t\t\t\t<div id=\"elementor-tab-content-4571\" class=\"elementor-tab-content elementor-clearfix\" data-tab=\"1\" role=\"region\" aria-labelledby=\"elementor-tab-title-4571\"><p>Conlink Outsourcing ofron zgjidhje t\u00eb personalizuara t\u00eb outsourcing-ut, duke p\u00ebrfshir\u00eb mb\u00ebshtetje p\u00ebr klient\u00ebt, operacione back-office dhe menaxhim t\u00eb proceseve t\u00eb biznesit, t\u00eb dizajnuara p\u00ebr t\u2019i ndihmuar kompanit\u00eb t\u00eb rriten n\u00eb m\u00ebnyr\u00eb efikase dhe t\u00eb ulin kostot operacionale.<\/p><\/div>\n\t\t\t\t<\/div>\n\t\t\t\t\t\t\t<div class=\"elementor-accordion-item\">\n\t\t\t\t\t<div id=\"elementor-tab-title-4572\" class=\"elementor-tab-title\" data-tab=\"2\" role=\"button\" aria-controls=\"elementor-tab-content-4572\" aria-expanded=\"false\">\n\t\t\t\t\t\t\t\t\t\t\t\t\t<span class=\"elementor-accordion-icon elementor-accordion-icon-right\" aria-hidden=\"true\">\n\t\t\t\t\t\t\t\t\t\t\t\t\t\t\t<span class=\"elementor-accordion-icon-closed\"><svg xmlns=\"http:\/\/www.w3.org\/2000\/svg\" width=\"25\" height=\"25\" viewbox=\"0 0 25 25\" fill=\"none\"><g clip-path=\"url(#clip0_38_2527)\"><path fill-rule=\"evenodd\" clip-rule=\"evenodd\" d=\"M18.1001 13.4305H13.1001V18.4305C13.1001 18.9805 12.6501 19.4305 12.1001 19.4305C11.5501 19.4305 11.1001 18.9805 11.1001 18.4305V13.4305H6.1001C5.5501 13.4305 5.1001 12.9805 5.1001 12.4305C5.1001 11.8805 5.5501 11.4305 6.1001 11.4305H11.1001V6.43054C11.1001 5.88054 11.5501 5.43054 12.1001 5.43054C12.6501 5.43054 13.1001 5.88054 13.1001 6.43054V11.4305H18.1001C18.6501 11.4305 19.1001 11.8805 19.1001 12.4305C19.1001 12.9805 18.6501 13.4305 18.1001 13.4305Z\" fill=\"white\"><\/path><\/g><defs><clippath id=\"clip0_38_2527\"><rect width=\"24\" height=\"24\" fill=\"white\" transform=\"translate(0.100098 0.430542)\"><\/rect><\/clippath><\/defs><\/svg><\/span>\n\t\t\t\t\t\t\t\t<span class=\"elementor-accordion-icon-opened\"><svg xmlns=\"http:\/\/www.w3.org\/2000\/svg\" width=\"25\" height=\"25\" viewbox=\"0 0 25 25\" fill=\"none\"><g clip-path=\"url(#clip0_38_2527)\"><path fill-rule=\"evenodd\" clip-rule=\"evenodd\" d=\"M18.1001 13.4305H6.1001C5.5501 13.4305 5.1001 12.9805 5.1001 12.4305C5.1001 11.8805 5.5501 11.4305 6.1001 11.4305H18.1001C18.6501 11.4305 19.1001 11.8805 19.1001 12.4305C19.1001 12.9805 18.6501 13.4305 18.1001 13.4305Z\" fill=\"white\"><\/path><\/g><defs><clippath id=\"clip0_38_2527\"><rect width=\"24\" height=\"24\" fill=\"white\" transform=\"translate(0.100098 0.430542)\"><\/rect><\/clippath><\/defs><\/svg><\/span>\n\t\t\t\t\t\t\t\t\t\t\t\t\t\t<\/span>\n\t\t\t\t\t\t\t\t\t\t\t\t<a class=\"elementor-accordion-title\" tabindex=\"0\">Si mund t\u00eb ndihmoj\u00eb outsourcing-u biznesin tuaj t\u00eb rritet?<\/a>\n\t\t\t\t\t<\/div>\n\t\t\t\t\t<div id=\"elementor-tab-content-4572\" class=\"elementor-tab-content elementor-clearfix\" data-tab=\"2\" role=\"region\" aria-labelledby=\"elementor-tab-title-4572\"><p>Outsourcing-u ju lejon t\u00eb p\u00ebrqendroheni te thelbi i biznesit tuaj duke ulur ngarkes\u00ebn operacionale, p\u00ebrmir\u00ebsuar efikasitetin dhe ulur kostot. Ai ofron qasje n\u00eb ekspertiz\u00eb t\u00eb specializuar dhe resurse t\u00eb shkall\u00ebzuara sipas nevojave t\u00eb biznesit tuaj.<\/p><\/div>\n\t\t\t\t<\/div>\n\t\t\t\t\t\t\t<div class=\"elementor-accordion-item\">\n\t\t\t\t\t<div id=\"elementor-tab-title-4573\" class=\"elementor-tab-title\" data-tab=\"3\" role=\"button\" aria-controls=\"elementor-tab-content-4573\" aria-expanded=\"false\">\n\t\t\t\t\t\t\t\t\t\t\t\t\t<span class=\"elementor-accordion-icon elementor-accordion-icon-right\" aria-hidden=\"true\">\n\t\t\t\t\t\t\t\t\t\t\t\t\t\t\t<span class=\"elementor-accordion-icon-closed\"><svg xmlns=\"http:\/\/www.w3.org\/2000\/svg\" width=\"25\" height=\"25\" viewbox=\"0 0 25 25\" fill=\"none\"><g clip-path=\"url(#clip0_38_2527)\"><path fill-rule=\"evenodd\" clip-rule=\"evenodd\" d=\"M18.1001 13.4305H13.1001V18.4305C13.1001 18.9805 12.6501 19.4305 12.1001 19.4305C11.5501 19.4305 11.1001 18.9805 11.1001 18.4305V13.4305H6.1001C5.5501 13.4305 5.1001 12.9805 5.1001 12.4305C5.1001 11.8805 5.5501 11.4305 6.1001 11.4305H11.1001V6.43054C11.1001 5.88054 11.5501 5.43054 12.1001 5.43054C12.6501 5.43054 13.1001 5.88054 13.1001 6.43054V11.4305H18.1001C18.6501 11.4305 19.1001 11.8805 19.1001 12.4305C19.1001 12.9805 18.6501 13.4305 18.1001 13.4305Z\" fill=\"white\"><\/path><\/g><defs><clippath id=\"clip0_38_2527\"><rect width=\"24\" height=\"24\" fill=\"white\" transform=\"translate(0.100098 0.430542)\"><\/rect><\/clippath><\/defs><\/svg><\/span>\n\t\t\t\t\t\t\t\t<span class=\"elementor-accordion-icon-opened\"><svg xmlns=\"http:\/\/www.w3.org\/2000\/svg\" width=\"25\" height=\"25\" viewbox=\"0 0 25 25\" fill=\"none\"><g clip-path=\"url(#clip0_38_2527)\"><path fill-rule=\"evenodd\" clip-rule=\"evenodd\" d=\"M18.1001 13.4305H6.1001C5.5501 13.4305 5.1001 12.9805 5.1001 12.4305C5.1001 11.8805 5.5501 11.4305 6.1001 11.4305H18.1001C18.6501 11.4305 19.1001 11.8805 19.1001 12.4305C19.1001 12.9805 18.6501 13.4305 18.1001 13.4305Z\" fill=\"white\"><\/path><\/g><defs><clippath id=\"clip0_38_2527\"><rect width=\"24\" height=\"24\" fill=\"white\" transform=\"translate(0.100098 0.430542)\"><\/rect><\/clippath><\/defs><\/svg><\/span>\n\t\t\t\t\t\t\t\t\t\t\t\t\t\t<\/span>\n\t\t\t\t\t\t\t\t\t\t\t\t<a class=\"elementor-accordion-title\" tabindex=\"0\">Pse t\u00eb zgjidhni Conlink Outsourcing si partnerin tuaj?<\/a>\n\t\t\t\t\t<\/div>\n\t\t\t\t\t<div id=\"elementor-tab-content-4573\" class=\"elementor-tab-content elementor-clearfix\" data-tab=\"3\" role=\"region\" aria-labelledby=\"elementor-tab-title-4573\"><p>Conlink Outsourcing ofron sh\u00ebrbime t\u00eb personalizuara dhe fleksibile, duke siguruar efikasitet, cil\u00ebsi dhe mb\u00ebshtetje t\u00eb vazhdueshme p\u00ebr t\u00eb ndihmuar biznesin tuaj t\u00eb rritet n\u00eb m\u00ebnyr\u00eb t\u00eb q\u00ebndrueshme dhe t\u00eb menaxhoj\u00eb kostot n\u00eb m\u00ebnyr\u00eb efektive.<\/p><\/div>\n\t\t\t\t<\/div>\n\t\t\t\t\t\t\t\t<\/div>\n\t\t\t\t\t\t<\/div>\n\t\t\t\t<\/div>\n\t\t<div class=\"elementor-element elementor-element-ec864f1 e-con-full e-flex e-con e-child\" data-id=\"ec864f1\" data-element_type=\"container\" data-e-type=\"container\">\n\t\t\t\t<div class=\"elementor-element elementor-element-d8a678e elementor-widget elementor-widget-image\" data-id=\"d8a678e\" data-element_type=\"widget\" data-e-type=\"widget\" data-widget_type=\"image.default\">\n\t\t\t\t\t\t\t\t\t\t\t\t\t\t\t<img fetchpriority=\"high\" decoding=\"async\" width=\"1000\" height=\"667\" src=\"https:\/\/conlink.biz\/wp-content\/uploads\/2026\/01\/2148738288.jpg\" class=\"attachment-full size-full wp-image-7579\" alt=\"\" srcset=\"https:\/\/conlink.biz\/wp-content\/uploads\/2026\/01\/2148738288.jpg 1000w, https:\/\/conlink.biz\/wp-content\/uploads\/2026\/01\/2148738288-300x200.jpg 300w, https:\/\/conlink.biz\/wp-content\/uploads\/2026\/01\/2148738288-768x512.jpg 768w\" sizes=\"(max-width: 1000px) 100vw, 1000px\" \/>\t\t\t\t\t\t\t\t\t\t\t\t\t\t\t<\/div>\n\t\t\t\t<\/div>\n\t\t\t\t\t<\/div>\n\t\t\t\t<\/div>\n\t\t<div class=\"elementor-element elementor-element-1f1f615 e-con-full n-tenton-container--wide animated-fast e-flex elementor-invisible e-con e-parent\" data-id=\"1f1f615\" data-element_type=\"container\" data-e-type=\"container\" data-settings=\"{&quot;background_background&quot;:&quot;classic&quot;,&quot;animation&quot;:&quot;h-neuron-animation--slideUp&quot;}\">\n\t\t\t\t<div class=\"elementor-element elementor-element-612d5e1 elementor-widget elementor-widget-heading\" data-id=\"612d5e1\" data-element_type=\"widget\" data-e-type=\"widget\" data-widget_type=\"heading.default\">\n\t\t\t\t\t<h3 class=\"elementor-heading-title elementor-size-default\">Ekipi yn\u00eb<\/h3>\t\t\t\t<\/div>\n\t\t\t\t<div class=\"elementor-element elementor-element-59cdf85 elementor-widget elementor-widget-heading\" data-id=\"59cdf85\" data-element_type=\"widget\" data-e-type=\"widget\" data-widget_type=\"heading.default\">\n\t\t\t\t\t<span class=\"elementor-heading-title elementor-size-default\">Ku pasioni takohet me ekspertiz\u00ebn, dhe p\u00ebrkushtimi form\u00ebson p\u00ebrvoj\u00ebn <br> tuaj n\u00eb pasuri t\u00eb paluajtshme.<\/span>\t\t\t\t<\/div>\n\t\t\t\t<div class=\"elementor-element elementor-element-a350937 l-neuron-grid-wrapper-mobile--columns__1 l-neuron-grid-wrapper--columns__4 l-neuron-grid-wrapper-tablet--columns__2 m-neuron-gallery--layout-grid m-neuron-gallery--overlay-none elementor-invisible elementor-widget elementor-widget-neuron-gallery\" data-id=\"a350937\" data-element_type=\"widget\" data-e-type=\"widget\" data-settings=\"{&quot;row_gap&quot;:{&quot;unit&quot;:&quot;px&quot;,&quot;size&quot;:96,&quot;sizes&quot;:[]},&quot;columns_mobile&quot;:&quot;1&quot;,&quot;row_gap_mobile&quot;:{&quot;unit&quot;:&quot;px&quot;,&quot;size&quot;:48,&quot;sizes&quot;:[]},&quot;columns&quot;:&quot;4&quot;,&quot;columns_tablet&quot;:&quot;2&quot;,&quot;carousel&quot;:&quot;no&quot;,&quot;layout&quot;:&quot;grid&quot;,&quot;row_gap_tablet&quot;:{&quot;unit&quot;:&quot;px&quot;,&quot;size&quot;:&quot;&quot;,&quot;sizes&quot;:[]},&quot;animation&quot;:&quot;yes&quot;,&quot;neuron_animations&quot;:&quot;h-neuron-animation--slideUp&quot;,&quot;neuron_animations_duration&quot;:&quot;animated&quot;,&quot;animation_delay&quot;:0,&quot;image_animation_hover&quot;:&quot;none&quot;}\" data-widget_type=\"neuron-gallery.default\">\n\t\t\t\t<div class=\"elementor-widget-container\">\n\t\t\t\t\t\t\n\t\t\n\t\t\t\t<div class=\"l-neuron-grid\" data-masonry-id=\"4715eb155b3f28933c88d86313b29e46\">\n\t\t\t\t\t\t\t\t\t\t\t<a class=\"l-neuron-grid__item m-neuron-gallery__item h-neuron-animation--wow\" data-elementor-open-lightbox=\"no\" data-elementor-lightbox-slideshow=\"all-a350937\" data-id=\"3795\" data-elementor-lightbox-title=\"Christopher Johnson\">\n\n\t\t\t\t\t\t\t<div class=\"m-neuron-gallery__inner\">\n\n\t\t\t\t\t\t\t\t\n\t\t\t\t\t\t\t\t<div class=\"m-neuron-gallery__thumbnail--link\">\n\t\t\t\t\t\t\t\t\t<div class=\"m-neuron-gallery__thumbnail\">\n\t\t\t\t\t\t\t\t\t\t<img decoding=\"async\" src=\"https:\/\/conlink.biz\/wp-content\/uploads\/2024\/01\/our-team-image-01.jpg\" \/>\n\t\t\t\t\t\t\t\t\t<\/div>\n\t\t\t\t\t\t\t\t\t\t\t\t\t\t\t\t\t<\/div>\n\t\t\t\t\t\t\t\t\t\t\t<h4 class=\"m-neuron-gallery__image-details\">\n\t\t\t\t\t\t\t\t\t<span class=\"m-neuron-gallery__image-detail m-neuron-gallery__image-detail--title\">Christopher Johnson<\/span>\n\t\t\t\t\t\t\t\t\t<span class=\"m-neuron-gallery__image-detail m-neuron-gallery__image-detail--caption\">Founder\/CEO<\/span>\n\t\t\t\t\t\t\t<\/h4>\n\t\t\n\t\t\t\t\t\t\t\t\n\t\t\t\t\t\t\t<\/div>\n\n\t\t\t\t\t\t<\/a>\n\n\t\t\t\t\t\t\n\t\t\t\t\t\t\t\t\t\t\t<a class=\"l-neuron-grid__item m-neuron-gallery__item h-neuron-animation--wow\" data-elementor-open-lightbox=\"no\" data-elementor-lightbox-slideshow=\"all-a350937\" data-id=\"3548\" data-elementor-lightbox-title=\"Vivian Padilla\">\n\n\t\t\t\t\t\t\t<div class=\"m-neuron-gallery__inner\">\n\n\t\t\t\t\t\t\t\t\n\t\t\t\t\t\t\t\t<div class=\"m-neuron-gallery__thumbnail--link\">\n\t\t\t\t\t\t\t\t\t<div class=\"m-neuron-gallery__thumbnail\">\n\t\t\t\t\t\t\t\t\t\t<img decoding=\"async\" src=\"https:\/\/conlink.biz\/wp-content\/uploads\/2024\/01\/our-team-image-2-1.jpg\" \/>\n\t\t\t\t\t\t\t\t\t<\/div>\n\t\t\t\t\t\t\t\t\t\t\t\t\t\t\t\t\t<\/div>\n\t\t\t\t\t\t\t\t\t\t\t<h4 class=\"m-neuron-gallery__image-details\">\n\t\t\t\t\t\t\t\t\t<span class=\"m-neuron-gallery__image-detail m-neuron-gallery__image-detail--title\">Vivian Padilla<\/span>\n\t\t\t\t\t\t\t\t\t<span class=\"m-neuron-gallery__image-detail m-neuron-gallery__image-detail--caption\">COO<\/span>\n\t\t\t\t\t\t\t<\/h4>\n\t\t\n\t\t\t\t\t\t\t\t\n\t\t\t\t\t\t\t<\/div>\n\n\t\t\t\t\t\t<\/a>\n\n\t\t\t\t\t\t\n\t\t\t\t\t\t\t\t\t\t\t<a class=\"l-neuron-grid__item m-neuron-gallery__item h-neuron-animation--wow\" data-elementor-open-lightbox=\"no\" data-elementor-lightbox-slideshow=\"all-a350937\" data-id=\"3796\" data-elementor-lightbox-title=\"Barbara Fisher\">\n\n\t\t\t\t\t\t\t<div class=\"m-neuron-gallery__inner\">\n\n\t\t\t\t\t\t\t\t\n\t\t\t\t\t\t\t\t<div class=\"m-neuron-gallery__thumbnail--link\">\n\t\t\t\t\t\t\t\t\t<div class=\"m-neuron-gallery__thumbnail\">\n\t\t\t\t\t\t\t\t\t\t<img decoding=\"async\" src=\"https:\/\/conlink.biz\/wp-content\/uploads\/2024\/01\/our-team-image-03.jpg\" \/>\n\t\t\t\t\t\t\t\t\t<\/div>\n\t\t\t\t\t\t\t\t\t\t\t\t\t\t\t\t\t<\/div>\n\t\t\t\t\t\t\t\t\t\t\t<h4 class=\"m-neuron-gallery__image-details\">\n\t\t\t\t\t\t\t\t\t<span class=\"m-neuron-gallery__image-detail m-neuron-gallery__image-detail--title\">Barbara Fisher<\/span>\n\t\t\t\t\t\t\t\t\t<span class=\"m-neuron-gallery__image-detail m-neuron-gallery__image-detail--caption\">Sales Director<\/span>\n\t\t\t\t\t\t\t<\/h4>\n\t\t\n\t\t\t\t\t\t\t\t\n\t\t\t\t\t\t\t<\/div>\n\n\t\t\t\t\t\t<\/a>\n\n\t\t\t\t\t\t\n\t\t\t\t\t\t\t\t\t\t\t<a class=\"l-neuron-grid__item m-neuron-gallery__item h-neuron-animation--wow\" data-elementor-open-lightbox=\"no\" data-elementor-lightbox-slideshow=\"all-a350937\" data-id=\"3798\" data-elementor-lightbox-title=\"Joseph King\">\n\n\t\t\t\t\t\t\t<div class=\"m-neuron-gallery__inner\">\n\n\t\t\t\t\t\t\t\t\n\t\t\t\t\t\t\t\t<div class=\"m-neuron-gallery__thumbnail--link\">\n\t\t\t\t\t\t\t\t\t<div class=\"m-neuron-gallery__thumbnail\">\n\t\t\t\t\t\t\t\t\t\t<img decoding=\"async\" src=\"https:\/\/conlink.biz\/wp-content\/uploads\/2024\/01\/our-team-image-04.jpg\" \/>\n\t\t\t\t\t\t\t\t\t<\/div>\n\t\t\t\t\t\t\t\t\t\t\t\t\t\t\t\t\t<\/div>\n\t\t\t\t\t\t\t\t\t\t\t<h4 class=\"m-neuron-gallery__image-details\">\n\t\t\t\t\t\t\t\t\t<span class=\"m-neuron-gallery__image-detail m-neuron-gallery__image-detail--title\">Joseph King<\/span>\n\t\t\t\t\t\t\t\t\t<span class=\"m-neuron-gallery__image-detail m-neuron-gallery__image-detail--caption\">Client Services Manager<\/span>\n\t\t\t\t\t\t\t<\/h4>\n\t\t\n\t\t\t\t\t\t\t\t\n\t\t\t\t\t\t\t<\/div>\n\n\t\t\t\t\t\t<\/a>\n\n\t\t\t\t\t\t\n\t\t\t\t\t\t\t\t\t<\/div>\n\n\t\t\t\t\t\t\t\t\t<\/div>\n\t\t\t\t<\/div>\n\t\t\t\t<\/div>\n\t\t<div class=\"elementor-element elementor-element-d9f2390 e-con-full animated-fast e-flex elementor-invisible e-con e-parent\" data-id=\"d9f2390\" data-element_type=\"container\" data-e-type=\"container\" data-settings=\"{&quot;background_background&quot;:&quot;classic&quot;,&quot;animation&quot;:&quot;h-neuron-animation--slideUp&quot;}\">\n\t\t\t\t<\/div>\n\t\t<div class=\"elementor-element elementor-element-72ce0af e-con-full animated-fast e-flex elementor-invisible e-con e-parent\" data-id=\"72ce0af\" data-element_type=\"container\" data-e-type=\"container\" data-settings=\"{&quot;animation&quot;:&quot;h-neuron-animation--slideUp&quot;}\">\n\t\t<div class=\"elementor-element elementor-element-7e2d0ee e-con-full e-flex e-con e-child\" data-id=\"7e2d0ee\" data-element_type=\"container\" data-e-type=\"container\" data-settings=\"{&quot;background_background&quot;:&quot;classic&quot;}\">\n\t\t\t\t<div class=\"elementor-element elementor-element-f15c2b2 elementor-widget elementor-widget-heading\" data-id=\"f15c2b2\" data-element_type=\"widget\" data-e-type=\"widget\" data-widget_type=\"heading.default\">\n\t\t\t\t\t<h4 class=\"elementor-heading-title elementor-size-default\">Planifiko nj\u00eb vizit\u00eb<\/h4>\t\t\t\t<\/div>\n\t\t\t\t<div class=\"elementor-element elementor-element-ae8dda4 elementor-widget elementor-widget-neuron-form\" data-id=\"ae8dda4\" data-element_type=\"widget\" data-e-type=\"widget\" data-widget_type=\"neuron-form.default\">\n\t\t\t\t<div class=\"elementor-widget-container\">\n\t\t\t\t\t\t\t<form class=\"m-neuron-form\" method=\"post\" name=\"New Form\" action=\"\">\n\t\t\t<input type=\"hidden\" id=\"neuron_forms_nonce\" name=\"neuron_forms_nonce\" value=\"da35b58826\" \/><input type=\"hidden\" name=\"_wp_http_referer\" value=\"\/sq\/wp-json\/wp\/v2\/pages\/203\" \/>\t\t\t<input type=\"hidden\" name=\"post_id\" value=\"203\"\/>\n\t\t\t<input type=\"hidden\" name=\"form_id\" value=\"ae8dda4\"\/>\n\n\t\t\t\t\t\t<div class=\"m-neuron-form__field-group--text m-neuron-form__field-group elementor-repeater-item-14e73d6\">\n\t\t\t\t<label for=\"form-field-name\" class=\"m-neuron-form__label elementor-screen-only\">Name<\/label><input size=\"1\" type=\"text\" name=\"form_fields[name]\" id=\"form-field-name\" class=\"m-neuron-form__field h-neuron-size-sm  m-neuron-form__input\" placeholder=\"Name\">\t\t\t<\/div>\n\t\t\t\t\t\t<div class=\"m-neuron-form__field-group--email m-neuron-form__field-group elementor-repeater-item-2a95373 m-neuron-form__field-group--required\">\n\t\t\t\t<label for=\"form-field-email\" class=\"m-neuron-form__label elementor-screen-only\">Email<\/label><input size=\"1\" type=\"email\" name=\"form_fields[email]\" id=\"form-field-email\" class=\"m-neuron-form__field h-neuron-size-sm  m-neuron-form__input\" placeholder=\"Email\" required=\"required\" aria-required=\"true\">\t\t\t<\/div>\n\t\t\t\t\t\t<div class=\"m-neuron-form__field-group--date m-neuron-form__field-group elementor-repeater-item-adc2839 m-neuron-form__field-group--required\">\n\t\t\t\t<label for=\"form-field-email\" class=\"m-neuron-form__label elementor-screen-only\">Date<\/label><input type=\"date\" name=\"form_fields[email]\" id=\"form-field-email\" class=\"m-neuron-form__field h-neuron-size-sm  m-neuron-form__field neuron-date-field\" placeholder=\"Date\" required=\"required\" aria-required=\"true\" pattern=\"[0-9]{4}-[0-9]{2}-[0-9]{2}\" min=\"2024-01-01\" max=\"2025-01-01\">\t\t\t<\/div>\n\t\t\t\t\t\t<div class=\"m-neuron-form__field-group--select m-neuron-form__field-group elementor-repeater-item-ad2ec66 m-neuron-form__field-group--required\">\n\t\t\t\t<label for=\"form-field-email\" class=\"m-neuron-form__label elementor-screen-only\">Time<\/label>\t\t<div class=\"m-neuron-form__field m-neuron-form__subgroup\">\n\t\t\t<select name=\"form_fields[email]\" id=\"form-field-email\" class=\"h-neuron-size-sm\" required=\"required\" aria-required=\"true\">\n\t\t\t\t<option value=\"11:00AM\">11:00AM<\/option><option value=\"12:00PM\">12:00PM<\/option><option value=\"1:00PM\">1:00PM<\/option><option value=\"2:00PM\">2:00PM<\/option>\t\t\t<\/select>\n\t\t<\/div>\n\t\t\t\t\t<\/div>\n\t\t\t\t\t\t<div class=\"m-neuron-form__field-group--textarea m-neuron-form__field-group elementor-repeater-item-3f8fd80\">\n\t\t\t\t<label for=\"form-field-message\" class=\"m-neuron-form__label elementor-screen-only\">Message<\/label><textarea class=\"m-neuron-form__field  h-neuron-size-sm\" name=\"form_fields[message]\" id=\"form-field-message\" rows=\"4\" placeholder=\"Message\"><\/textarea>\t\t\t<\/div>\n\t\t\t\t\t\t<div class=\"m-neuron-form__field-group m-neuron-form__button\">\n\t\t\t\t<button type=\"submit\" class=\"m-neuron-form__submit-button a-neuron-button h-neuron-size--sm elementor-animation-neuron-animation--slideBackground\">\n\t\t\t\t\t<span >\n\t\t\t\t\t\t\t\t\t\t\t\t\t<span class=\"m-neuron-form__button-icon\">\n\t\t\t\t\t\t\t\t\t\t\t\t\t\t\t\t\t\t\t\t\t\t\t<\/span>\n\t\t\t\t\t\t\t\t\t\t\t\t\t\t\t\t\t\t\t<span class=\"m-neuron-form__button-text\">Kontakti<\/span>\n\t\t\t\t\t\t\t\t\t\t\t<\/span>\n\t\t\t\t<\/button>\n\t\t\t<\/div>\n\t\t<input type=\"hidden\" name=\"trp-form-language\" value=\"sq\"\/><\/form>\n\t\t\t\t\t\t<\/div>\n\t\t\t\t<\/div>\n\t\t\t\t<\/div>\n\t\t\t\t<\/div>\n\t\t\t\t<\/div>","protected":false},"excerpt":{"rendered":"<p>Delivering smart, scalable outsourcing solutions. What services does Conlink Outsourcing provide? Conlink Outsourcing offers tailored outsourcing solutions, including customer support, back-office operations, and business process management, designed to help companies scale efficiently and reduce operational costs. How can outsourcing help my business grow? By outsourcing non-core operations, businesses can focus on strategic growth, improve productivity,&#8230;<\/p>","protected":false},"author":1,"featured_media":0,"parent":0,"menu_order":0,"comment_status":"closed","ping_status":"closed","template":"","meta":{"footnotes":""},"class_list":["post-203","page","type-page","status-publish","hentry"],"_links":{"self":[{"href":"https:\/\/conlink.biz\/sq\/wp-json\/wp\/v2\/pages\/203","targetHints":{"allow":["GET"]}}],"collection":[{"href":"https:\/\/conlink.biz\/sq\/wp-json\/wp\/v2\/pages"}],"about":[{"href":"https:\/\/conlink.biz\/sq\/wp-json\/wp\/v2\/types\/page"}],"author":[{"embeddable":true,"href":"https:\/\/conlink.biz\/sq\/wp-json\/wp\/v2\/users\/1"}],"replies":[{"embeddable":true,"href":"https:\/\/conlink.biz\/sq\/wp-json\/wp\/v2\/comments?post=203"}],"version-history":[{"count":6,"href":"https:\/\/conlink.biz\/sq\/wp-json\/wp\/v2\/pages\/203\/revisions"}],"predecessor-version":[{"id":7582,"href":"https:\/\/conlink.biz\/sq\/wp-json\/wp\/v2\/pages\/203\/revisions\/7582"}],"wp:attachment":[{"href":"https:\/\/conlink.biz\/sq\/wp-json\/wp\/v2\/media?parent=203"}],"curies":[{"name":"wp","href":"https:\/\/api.w.org\/{rel}","templated":true}]}}